{"id":48414,"date":"2025-01-15T10:56:07","date_gmt":"2025-01-15T09:56:07","guid":{"rendered":"https:\/\/mendo.ch\/cicero-express-fr-it\/"},"modified":"2025-12-12T07:47:00","modified_gmt":"2025-12-12T06:47:00","slug":"cicero-express-2","status":"publish","type":"page","link":"https:\/\/mendo.ch\/it\/cicero-express-2\/","title":{"rendered":"CICERO Express (FR) (IT)"},"content":{"rendered":"<div id=\"cs-content\" class=\"cs-content\"><\/div>\n","protected":false},"excerpt":{"rendered":"<p>CICERO Express L&#8217;11 dicembre 2025, alle ore 17, l&#8217;applicazione Cicero verr\u00e0 disattivata dall&#8217;AFA. Non sar\u00e0 quindi pi\u00f9 possibile assegnare crediti Cicero per i moduli online. Per domande relative a Cicero &#8230; <\/p>\n<div><a href=\"https:\/\/mendo.ch\/it\/cicero-express-2\/\" class=\"more-link\">Read More<\/a><\/div>\n","protected":false},"author":1,"featured_media":0,"parent":0,"menu_order":0,"comment_status":"closed","ping_status":"closed","template":"template-blank-1.php","meta":{"footnotes":""},"class_list":["post-48414","page","type-page","status-publish","hentry","no-post-thumbnail"],"_links":{"self":[{"href":"https:\/\/mendo.ch\/it\/wp-json\/wp\/v2\/pages\/48414","targetHints":{"allow":["GET"]}}],"collection":[{"href":"https:\/\/mendo.ch\/it\/wp-json\/wp\/v2\/pages"}],"about":[{"href":"https:\/\/mendo.ch\/it\/wp-json\/wp\/v2\/types\/page"}],"author":[{"embeddable":true,"href":"https:\/\/mendo.ch\/it\/wp-json\/wp\/v2\/users\/1"}],"replies":[{"embeddable":true,"href":"https:\/\/mendo.ch\/it\/wp-json\/wp\/v2\/comments?post=48414"}],"version-history":[{"count":6,"href":"https:\/\/mendo.ch\/it\/wp-json\/wp\/v2\/pages\/48414\/revisions"}],"predecessor-version":[{"id":49476,"href":"https:\/\/mendo.ch\/it\/wp-json\/wp\/v2\/pages\/48414\/revisions\/49476"}],"wp:attachment":[{"href":"https:\/\/mendo.ch\/it\/wp-json\/wp\/v2\/media?parent=48414"}],"curies":[{"name":"wp","href":"https:\/\/api.w.org\/{rel}","templated":true}]}}