{"id":49904,"date":"2026-03-12T15:57:30","date_gmt":"2026-03-12T14:57:30","guid":{"rendered":"https:\/\/mendo.ch\/?page_id=49904"},"modified":"2026-04-22T11:44:57","modified_gmt":"2026-04-22T09:44:57","slug":"recertification-selon-la-lsa","status":"publish","type":"page","link":"https:\/\/mendo.ch\/fr\/assurance-et-prevoyance\/recertification-selon-la-lsa\/","title":{"rendered":"Recertification selon la LSA"},"content":{"rendered":"<div id=\"cs-content\" class=\"cs-content\"><\/div>\n","protected":false},"excerpt":{"rendered":"<p>Recertification selon la LSA Pour vous pr\u00e9parer efficacement \u00e0 l&rsquo;examen de recertification aupr\u00e8s de l&rsquo;AFARecertification selon la LSA Pour vous pr\u00e9parer efficacement \u00e0 l&rsquo;examen de recertification aupr\u00e8s de l&rsquo;AFAAccueilInformations sur &#8230; <\/p>\n<div><a href=\"https:\/\/mendo.ch\/fr\/assurance-et-prevoyance\/recertification-selon-la-lsa\/\" class=\"more-link\">lire la suite<\/a><\/div>\n","protected":false},"author":1,"featured_media":0,"parent":41243,"menu_order":0,"comment_status":"closed","ping_status":"closed","template":"template-blank-4.php","meta":{"footnotes":""},"class_list":["post-49904","page","type-page","status-publish","hentry","no-post-thumbnail"],"_links":{"self":[{"href":"https:\/\/mendo.ch\/fr\/wp-json\/wp\/v2\/pages\/49904","targetHints":{"allow":["GET"]}}],"collection":[{"href":"https:\/\/mendo.ch\/fr\/wp-json\/wp\/v2\/pages"}],"about":[{"href":"https:\/\/mendo.ch\/fr\/wp-json\/wp\/v2\/types\/page"}],"author":[{"embeddable":true,"href":"https:\/\/mendo.ch\/fr\/wp-json\/wp\/v2\/users\/1"}],"replies":[{"embeddable":true,"href":"https:\/\/mendo.ch\/fr\/wp-json\/wp\/v2\/comments?post=49904"}],"version-history":[{"count":32,"href":"https:\/\/mendo.ch\/fr\/wp-json\/wp\/v2\/pages\/49904\/revisions"}],"predecessor-version":[{"id":50111,"href":"https:\/\/mendo.ch\/fr\/wp-json\/wp\/v2\/pages\/49904\/revisions\/50111"}],"up":[{"embeddable":true,"href":"https:\/\/mendo.ch\/fr\/wp-json\/wp\/v2\/pages\/41243"}],"wp:attachment":[{"href":"https:\/\/mendo.ch\/fr\/wp-json\/wp\/v2\/media?parent=49904"}],"curies":[{"name":"wp","href":"https:\/\/api.w.org\/{rel}","templated":true}]}}