{"id":47147,"date":"2024-05-25T10:55:48","date_gmt":"2024-05-25T08:55:48","guid":{"rendered":"https:\/\/mendo.ch\/cicero-express-fr\/"},"modified":"2025-12-12T07:45:55","modified_gmt":"2025-12-12T06:45:55","slug":"cicero-express","status":"publish","type":"page","link":"https:\/\/mendo.ch\/fr\/cicero-express\/","title":{"rendered":"CICERO Express (FR)"},"content":{"rendered":"<div id=\"cs-content\" class=\"cs-content\"><\/div>\n","protected":false},"excerpt":{"rendered":"<p>CICERO Express Le 11 d\u00e9cembre 2025, \u00e0 17 heures, l&rsquo;application Cicero sera d\u00e9sactiv\u00e9e par l\u2019AFA. Il ne nous sera donc plus possible d&rsquo;attribuer des cr\u00e9dits Cicero pour les modules en &#8230; <\/p>\n<div><a href=\"https:\/\/mendo.ch\/fr\/cicero-express\/\" class=\"more-link\">lire la suite<\/a><\/div>\n","protected":false},"author":1,"featured_media":0,"parent":0,"menu_order":0,"comment_status":"closed","ping_status":"closed","template":"template-blank-1.php","meta":{"footnotes":""},"class_list":["post-47147","page","type-page","status-publish","hentry","no-post-thumbnail"],"_links":{"self":[{"href":"https:\/\/mendo.ch\/fr\/wp-json\/wp\/v2\/pages\/47147","targetHints":{"allow":["GET"]}}],"collection":[{"href":"https:\/\/mendo.ch\/fr\/wp-json\/wp\/v2\/pages"}],"about":[{"href":"https:\/\/mendo.ch\/fr\/wp-json\/wp\/v2\/types\/page"}],"author":[{"embeddable":true,"href":"https:\/\/mendo.ch\/fr\/wp-json\/wp\/v2\/users\/1"}],"replies":[{"embeddable":true,"href":"https:\/\/mendo.ch\/fr\/wp-json\/wp\/v2\/comments?post=47147"}],"version-history":[{"count":7,"href":"https:\/\/mendo.ch\/fr\/wp-json\/wp\/v2\/pages\/47147\/revisions"}],"predecessor-version":[{"id":49474,"href":"https:\/\/mendo.ch\/fr\/wp-json\/wp\/v2\/pages\/47147\/revisions\/49474"}],"wp:attachment":[{"href":"https:\/\/mendo.ch\/fr\/wp-json\/wp\/v2\/media?parent=47147"}],"curies":[{"name":"wp","href":"https:\/\/api.w.org\/{rel}","templated":true}]}}