{"id":46577,"date":"2024-03-04T14:32:28","date_gmt":"2024-03-04T13:32:28","guid":{"rendered":"https:\/\/mendo.ch\/mendo-zertifikat-bvg-unternehmensberatung-fr\/"},"modified":"2026-03-27T15:17:10","modified_gmt":"2026-03-27T14:17:10","slug":"mendo-certificat-lpp-conseil-en-entreprise","status":"publish","type":"page","link":"https:\/\/mendo.ch\/fr\/assurance-et-prevoyance\/mendo-certificat-lpp-conseil-en-entreprise\/","title":{"rendered":"Mendo Certificat LPP-Conseil en entreprise"},"content":{"rendered":"<div id=\"cs-content\" class=\"cs-content\"><\/div>\n","protected":false},"excerpt":{"rendered":"<p>Mendo Certificat LPP-Conseil en entreprise D\u00e9veloppement des connaissances de base dans le domaine de la pr\u00e9voyance professionnelleMendo Certificat LPP-Conseil en entreprise D\u00e9veloppement des connaissances de base dans le domaine de &#8230; <\/p>\n<div><a href=\"https:\/\/mendo.ch\/fr\/assurance-et-prevoyance\/mendo-certificat-lpp-conseil-en-entreprise\/\" class=\"more-link\">lire la suite<\/a><\/div>\n","protected":false},"author":1,"featured_media":0,"parent":41243,"menu_order":0,"comment_status":"closed","ping_status":"closed","template":"template-blank-4.php","meta":{"footnotes":""},"class_list":["post-46577","page","type-page","status-publish","hentry","no-post-thumbnail"],"_links":{"self":[{"href":"https:\/\/mendo.ch\/fr\/wp-json\/wp\/v2\/pages\/46577","targetHints":{"allow":["GET"]}}],"collection":[{"href":"https:\/\/mendo.ch\/fr\/wp-json\/wp\/v2\/pages"}],"about":[{"href":"https:\/\/mendo.ch\/fr\/wp-json\/wp\/v2\/types\/page"}],"author":[{"embeddable":true,"href":"https:\/\/mendo.ch\/fr\/wp-json\/wp\/v2\/users\/1"}],"replies":[{"embeddable":true,"href":"https:\/\/mendo.ch\/fr\/wp-json\/wp\/v2\/comments?post=46577"}],"version-history":[{"count":22,"href":"https:\/\/mendo.ch\/fr\/wp-json\/wp\/v2\/pages\/46577\/revisions"}],"predecessor-version":[{"id":50020,"href":"https:\/\/mendo.ch\/fr\/wp-json\/wp\/v2\/pages\/46577\/revisions\/50020"}],"up":[{"embeddable":true,"href":"https:\/\/mendo.ch\/fr\/wp-json\/wp\/v2\/pages\/41243"}],"wp:attachment":[{"href":"https:\/\/mendo.ch\/fr\/wp-json\/wp\/v2\/media?parent=46577"}],"curies":[{"name":"wp","href":"https:\/\/api.w.org\/{rel}","templated":true}]}}