{"id":44821,"date":"2023-06-26T16:25:50","date_gmt":"2023-06-26T14:25:50","guid":{"rendered":"https:\/\/mendo.ch\/bachelor-of-science-fh-in-banking-finance-fr\/"},"modified":"2025-06-06T13:38:39","modified_gmt":"2025-06-06T11:38:39","slug":"bachelor-of-science-fh-in-banking-finance-2","status":"publish","type":"page","link":"https:\/\/mendo.ch\/fr\/conseil-financier\/bachelor-of-science-fh-in-banking-finance-2\/","title":{"rendered":"Bachelor of Science FH in Banking + Finance (FR)"},"content":{"rendered":"<div id=\"cs-content\" class=\"cs-content\"><\/div>\n","protected":false},"excerpt":{"rendered":"<p>Bachelor of Science HES en Banque et Finance Obtenez votre dipl\u00f4me de bachelor en tant que conseiller financier*\u00e8re avec brevet f\u00e9d\u00e9ral en 3 ans au lieu de 4 (acc\u00e8s possible &#8230; <\/p>\n<div><a href=\"https:\/\/mendo.ch\/fr\/conseil-financier\/bachelor-of-science-fh-in-banking-finance-2\/\" class=\"more-link\">lire la suite<\/a><\/div>\n","protected":false},"author":1,"featured_media":0,"parent":41077,"menu_order":0,"comment_status":"closed","ping_status":"closed","template":"template-blank-4.php","meta":{"footnotes":""},"class_list":["post-44821","page","type-page","status-publish","hentry","no-post-thumbnail"],"_links":{"self":[{"href":"https:\/\/mendo.ch\/fr\/wp-json\/wp\/v2\/pages\/44821","targetHints":{"allow":["GET"]}}],"collection":[{"href":"https:\/\/mendo.ch\/fr\/wp-json\/wp\/v2\/pages"}],"about":[{"href":"https:\/\/mendo.ch\/fr\/wp-json\/wp\/v2\/types\/page"}],"author":[{"embeddable":true,"href":"https:\/\/mendo.ch\/fr\/wp-json\/wp\/v2\/users\/1"}],"replies":[{"embeddable":true,"href":"https:\/\/mendo.ch\/fr\/wp-json\/wp\/v2\/comments?post=44821"}],"version-history":[{"count":2,"href":"https:\/\/mendo.ch\/fr\/wp-json\/wp\/v2\/pages\/44821\/revisions"}],"predecessor-version":[{"id":48822,"href":"https:\/\/mendo.ch\/fr\/wp-json\/wp\/v2\/pages\/44821\/revisions\/48822"}],"up":[{"embeddable":true,"href":"https:\/\/mendo.ch\/fr\/wp-json\/wp\/v2\/pages\/41077"}],"wp:attachment":[{"href":"https:\/\/mendo.ch\/fr\/wp-json\/wp\/v2\/media?parent=44821"}],"curies":[{"name":"wp","href":"https:\/\/api.w.org\/{rel}","templated":true}]}}