{"id":42599,"date":"2022-06-29T11:55:57","date_gmt":"2022-06-29T09:55:57","guid":{"rendered":"https:\/\/mendo.ch\/?page_id=42599"},"modified":"2026-03-31T09:09:12","modified_gmt":"2026-03-31T07:09:12","slug":"mendo-info","status":"publish","type":"page","link":"https:\/\/mendo.ch\/fr\/mendo-info\/","title":{"rendered":"Mendo-Info"},"content":{"rendered":"<div id=\"cs-content\" class=\"cs-content\"><\/div>\n","protected":false},"excerpt":{"rendered":"<p>Mendo-Info Actualit\u00e9s pour le conseil au quotidien Mendo-Info Actualit\u00e9s pour le conseil au quotidienAccueil2026202520242023202220212020201920182017201620152026 Mars 2026 F\u00e9vrier 2026 Janvier 20262025 D\u00e9cembre 2025 Novembre 2025 Octobre 2025 Septembre 2025 Ao\u00fbt 2025 &#8230; <\/p>\n<div><a href=\"https:\/\/mendo.ch\/fr\/mendo-info\/\" class=\"more-link\">lire la suite<\/a><\/div>\n","protected":false},"author":1,"featured_media":0,"parent":0,"menu_order":0,"comment_status":"closed","ping_status":"closed","template":"template-blank-4.php","meta":{"footnotes":""},"class_list":["post-42599","page","type-page","status-publish","hentry","no-post-thumbnail"],"_links":{"self":[{"href":"https:\/\/mendo.ch\/fr\/wp-json\/wp\/v2\/pages\/42599","targetHints":{"allow":["GET"]}}],"collection":[{"href":"https:\/\/mendo.ch\/fr\/wp-json\/wp\/v2\/pages"}],"about":[{"href":"https:\/\/mendo.ch\/fr\/wp-json\/wp\/v2\/types\/page"}],"author":[{"embeddable":true,"href":"https:\/\/mendo.ch\/fr\/wp-json\/wp\/v2\/users\/1"}],"replies":[{"embeddable":true,"href":"https:\/\/mendo.ch\/fr\/wp-json\/wp\/v2\/comments?post=42599"}],"version-history":[{"count":37,"href":"https:\/\/mendo.ch\/fr\/wp-json\/wp\/v2\/pages\/42599\/revisions"}],"predecessor-version":[{"id":50066,"href":"https:\/\/mendo.ch\/fr\/wp-json\/wp\/v2\/pages\/42599\/revisions\/50066"}],"wp:attachment":[{"href":"https:\/\/mendo.ch\/fr\/wp-json\/wp\/v2\/media?parent=42599"}],"curies":[{"name":"wp","href":"https:\/\/api.w.org\/{rel}","templated":true}]}}