{"id":41254,"date":"2022-04-04T11:33:00","date_gmt":"2022-04-04T09:33:00","guid":{"rendered":"https:\/\/new.mendo.ch\/conseil-financier\/finanzplaner-in-mit-eidg-fachausweis\/"},"modified":"2026-03-27T15:19:35","modified_gmt":"2026-03-27T14:19:35","slug":"brevet-federal-conseiller-finanicer-iaf","status":"publish","type":"page","link":"https:\/\/mendo.ch\/fr\/conseil-financier\/brevet-federal-conseiller-finanicer-iaf\/","title":{"rendered":"Brevet F\u00e9d\u00e9ral de conseiller*\u00e8re financier*\u00e8re"},"content":{"rendered":"<div id=\"cs-content\" class=\"cs-content\"><\/div>\n","protected":false},"excerpt":{"rendered":"<p>Brevet F\u00e9d\u00e9ral de conseiller*\u00e8re financier*\u00e8re Pour une planification financi\u00e8re compl\u00e8te et un conseil financier \u00e0 360\u00b0Brevet F\u00e9d\u00e9ral de conseiller*\u00e8re financier*\u00e8re Pour une planification financi\u00e8re compl\u00e8te et un conseil financier \u00e0 &#8230; <\/p>\n<div><a href=\"https:\/\/mendo.ch\/fr\/conseil-financier\/brevet-federal-conseiller-finanicer-iaf\/\" class=\"more-link\">lire la suite<\/a><\/div>\n","protected":false},"author":1,"featured_media":0,"parent":41077,"menu_order":0,"comment_status":"closed","ping_status":"closed","template":"template-blank-4.php","meta":{"footnotes":""},"class_list":["post-41254","page","type-page","status-publish","hentry","no-post-thumbnail"],"_links":{"self":[{"href":"https:\/\/mendo.ch\/fr\/wp-json\/wp\/v2\/pages\/41254","targetHints":{"allow":["GET"]}}],"collection":[{"href":"https:\/\/mendo.ch\/fr\/wp-json\/wp\/v2\/pages"}],"about":[{"href":"https:\/\/mendo.ch\/fr\/wp-json\/wp\/v2\/types\/page"}],"author":[{"embeddable":true,"href":"https:\/\/mendo.ch\/fr\/wp-json\/wp\/v2\/users\/1"}],"replies":[{"embeddable":true,"href":"https:\/\/mendo.ch\/fr\/wp-json\/wp\/v2\/comments?post=41254"}],"version-history":[{"count":77,"href":"https:\/\/mendo.ch\/fr\/wp-json\/wp\/v2\/pages\/41254\/revisions"}],"predecessor-version":[{"id":50026,"href":"https:\/\/mendo.ch\/fr\/wp-json\/wp\/v2\/pages\/41254\/revisions\/50026"}],"up":[{"embeddable":true,"href":"https:\/\/mendo.ch\/fr\/wp-json\/wp\/v2\/pages\/41077"}],"wp:attachment":[{"href":"https:\/\/mendo.ch\/fr\/wp-json\/wp\/v2\/media?parent=41254"}],"curies":[{"name":"wp","href":"https:\/\/api.w.org\/{rel}","templated":true}]}}