{"id":41243,"date":"2022-04-01T16:53:16","date_gmt":"2022-04-01T14:53:16","guid":{"rendered":"https:\/\/new.mendo.ch\/versicherung-und-vorsorge\/"},"modified":"2022-05-02T15:03:11","modified_gmt":"2022-05-02T13:03:11","slug":"assurance-et-prevoyance","status":"publish","type":"page","link":"https:\/\/mendo.ch\/fr\/assurance-et-prevoyance\/","title":{"rendered":"Assurance et pr\u00e9voyance"},"content":{"rendered":"<div id=\"cs-content\" class=\"cs-content\"><\/div>\n","protected":false},"excerpt":{"rendered":"<p>Assurance et pr\u00e9voyance Interm\u00e9diaire d\u2019assurances AFA Pour un conseil comp\u00e9tent en mati\u00e8re d&rsquo;assurance et de pr\u00e9voyancePlus d&rsquo;infosConseiller*\u00e8re en pr\u00e9voyance professionnelle IAF Pour un conseil comp\u00e9tent aux entreprises et aux assur\u00e9s &#8230; <\/p>\n<div><a href=\"https:\/\/mendo.ch\/fr\/assurance-et-prevoyance\/\" class=\"more-link\">lire la suite<\/a><\/div>\n","protected":false},"author":1,"featured_media":0,"parent":0,"menu_order":0,"comment_status":"closed","ping_status":"closed","template":"template-blank-4.php","meta":{"footnotes":""},"class_list":["post-41243","page","type-page","status-publish","hentry","no-post-thumbnail"],"_links":{"self":[{"href":"https:\/\/mendo.ch\/fr\/wp-json\/wp\/v2\/pages\/41243","targetHints":{"allow":["GET"]}}],"collection":[{"href":"https:\/\/mendo.ch\/fr\/wp-json\/wp\/v2\/pages"}],"about":[{"href":"https:\/\/mendo.ch\/fr\/wp-json\/wp\/v2\/types\/page"}],"author":[{"embeddable":true,"href":"https:\/\/mendo.ch\/fr\/wp-json\/wp\/v2\/users\/1"}],"replies":[{"embeddable":true,"href":"https:\/\/mendo.ch\/fr\/wp-json\/wp\/v2\/comments?post=41243"}],"version-history":[{"count":0,"href":"https:\/\/mendo.ch\/fr\/wp-json\/wp\/v2\/pages\/41243\/revisions"}],"wp:attachment":[{"href":"https:\/\/mendo.ch\/fr\/wp-json\/wp\/v2\/media?parent=41243"}],"curies":[{"name":"wp","href":"https:\/\/api.w.org\/{rel}","templated":true}]}}