{"id":41190,"date":"2022-04-01T17:23:05","date_gmt":"2022-04-01T15:23:05","guid":{"rendered":"https:\/\/new.mendo.ch\/conseil-financier\/diplom-finanzberater-in-iaf\/"},"modified":"2026-03-27T15:18:42","modified_gmt":"2026-03-27T14:18:42","slug":"diplome-conseiller-financier-iaf","status":"publish","type":"page","link":"https:\/\/mendo.ch\/fr\/conseil-financier\/diplome-conseiller-financier-iaf\/","title":{"rendered":"Dipl\u00f4me de conseiller*\u00e8re financier*\u00e8re IAF"},"content":{"rendered":"<div id=\"cs-content\" class=\"cs-content\"><\/div>\n","protected":false},"excerpt":{"rendered":"<p>Dipl\u00f4me de conseiller*\u00e8re financier*\u00e8re IAF Pour un conseil financier comp\u00e9tent et completDipl\u00f4me de conseiller*\u00e8re financier*\u00e8re IAF Pour un conseil financier comp\u00e9tent et completAccueilInformations sur le coursM\u00e9thode d&rsquo;apprentissagePublic cible et admissionCalendrier &#8230; <\/p>\n<div><a href=\"https:\/\/mendo.ch\/fr\/conseil-financier\/diplome-conseiller-financier-iaf\/\" class=\"more-link\">lire la suite<\/a><\/div>\n","protected":false},"author":1,"featured_media":0,"parent":41077,"menu_order":0,"comment_status":"closed","ping_status":"closed","template":"template-blank-4.php","meta":{"footnotes":""},"class_list":["post-41190","page","type-page","status-publish","hentry","no-post-thumbnail"],"_links":{"self":[{"href":"https:\/\/mendo.ch\/fr\/wp-json\/wp\/v2\/pages\/41190","targetHints":{"allow":["GET"]}}],"collection":[{"href":"https:\/\/mendo.ch\/fr\/wp-json\/wp\/v2\/pages"}],"about":[{"href":"https:\/\/mendo.ch\/fr\/wp-json\/wp\/v2\/types\/page"}],"author":[{"embeddable":true,"href":"https:\/\/mendo.ch\/fr\/wp-json\/wp\/v2\/users\/1"}],"replies":[{"embeddable":true,"href":"https:\/\/mendo.ch\/fr\/wp-json\/wp\/v2\/comments?post=41190"}],"version-history":[{"count":86,"href":"https:\/\/mendo.ch\/fr\/wp-json\/wp\/v2\/pages\/41190\/revisions"}],"predecessor-version":[{"id":50024,"href":"https:\/\/mendo.ch\/fr\/wp-json\/wp\/v2\/pages\/41190\/revisions\/50024"}],"up":[{"embeddable":true,"href":"https:\/\/mendo.ch\/fr\/wp-json\/wp\/v2\/pages\/41077"}],"wp:attachment":[{"href":"https:\/\/mendo.ch\/fr\/wp-json\/wp\/v2\/media?parent=41190"}],"curies":[{"name":"wp","href":"https:\/\/api.w.org\/{rel}","templated":true}]}}