{"id":41162,"date":"2022-04-01T11:33:46","date_gmt":"2022-04-01T09:33:46","guid":{"rendered":"https:\/\/new.mendo.ch\/ueber_uns\/"},"modified":"2026-03-27T15:16:42","modified_gmt":"2026-03-27T14:16:42","slug":"a-propos","status":"publish","type":"page","link":"https:\/\/mendo.ch\/fr\/a-propos\/","title":{"rendered":"A propos"},"content":{"rendered":"<div id=\"cs-content\" class=\"cs-content\"><\/div>\n","protected":false},"excerpt":{"rendered":"<p>A propos de Mendo Nous formons des personnes et sommes \u00e0 leurs c\u00f4t\u00e9s tout au long de leur parcours professionnel : de mani\u00e8re coll\u00e9giale, exigeante et toujours proche de la &#8230; <\/p>\n<div><a href=\"https:\/\/mendo.ch\/fr\/a-propos\/\" class=\"more-link\">lire la suite<\/a><\/div>\n","protected":false},"author":1,"featured_media":0,"parent":0,"menu_order":0,"comment_status":"closed","ping_status":"closed","template":"template-blank-4.php","meta":{"footnotes":""},"class_list":["post-41162","page","type-page","status-publish","hentry","no-post-thumbnail"],"_links":{"self":[{"href":"https:\/\/mendo.ch\/fr\/wp-json\/wp\/v2\/pages\/41162","targetHints":{"allow":["GET"]}}],"collection":[{"href":"https:\/\/mendo.ch\/fr\/wp-json\/wp\/v2\/pages"}],"about":[{"href":"https:\/\/mendo.ch\/fr\/wp-json\/wp\/v2\/types\/page"}],"author":[{"embeddable":true,"href":"https:\/\/mendo.ch\/fr\/wp-json\/wp\/v2\/users\/1"}],"replies":[{"embeddable":true,"href":"https:\/\/mendo.ch\/fr\/wp-json\/wp\/v2\/comments?post=41162"}],"version-history":[{"count":58,"href":"https:\/\/mendo.ch\/fr\/wp-json\/wp\/v2\/pages\/41162\/revisions"}],"predecessor-version":[{"id":50018,"href":"https:\/\/mendo.ch\/fr\/wp-json\/wp\/v2\/pages\/41162\/revisions\/50018"}],"wp:attachment":[{"href":"https:\/\/mendo.ch\/fr\/wp-json\/wp\/v2\/media?parent=41162"}],"curies":[{"name":"wp","href":"https:\/\/api.w.org\/{rel}","templated":true}]}}