{"id":41140,"date":"2022-04-01T23:20:59","date_gmt":"2022-04-01T21:20:59","guid":{"rendered":"https:\/\/new.mendo.ch\/berater-in-berufliche-vorsorge-iaf\/"},"modified":"2026-03-27T15:20:46","modified_gmt":"2026-03-27T14:20:46","slug":"conseiller-en-prevoyance-professionnelle-iaf","status":"publish","type":"page","link":"https:\/\/mendo.ch\/fr\/assurance-et-prevoyance\/conseiller-en-prevoyance-professionnelle-iaf\/","title":{"rendered":"Conseiller*\u00e8re en pr\u00e9voyance professionnelle IAF"},"content":{"rendered":"<div id=\"cs-content\" class=\"cs-content\"><\/div>\n","protected":false},"excerpt":{"rendered":"<p>Dipl\u00f4me de conseiller*\u00e8re en pr\u00e9voyance professionnelle IAF Pour un conseil comp\u00e9tent aux entreprises et aux assur\u00e9s concernant le deuxi\u00e8me pilierDipl\u00f4me de conseiller*\u00e8re en pr\u00e9voyance professionnelle IAF Pour un conseil comp\u00e9tent &#8230; <\/p>\n<div><a href=\"https:\/\/mendo.ch\/fr\/assurance-et-prevoyance\/conseiller-en-prevoyance-professionnelle-iaf\/\" class=\"more-link\">lire la suite<\/a><\/div>\n","protected":false},"author":1,"featured_media":0,"parent":41243,"menu_order":0,"comment_status":"closed","ping_status":"closed","template":"template-blank-4.php","meta":{"footnotes":""},"class_list":["post-41140","page","type-page","status-publish","hentry","no-post-thumbnail"],"_links":{"self":[{"href":"https:\/\/mendo.ch\/fr\/wp-json\/wp\/v2\/pages\/41140","targetHints":{"allow":["GET"]}}],"collection":[{"href":"https:\/\/mendo.ch\/fr\/wp-json\/wp\/v2\/pages"}],"about":[{"href":"https:\/\/mendo.ch\/fr\/wp-json\/wp\/v2\/types\/page"}],"author":[{"embeddable":true,"href":"https:\/\/mendo.ch\/fr\/wp-json\/wp\/v2\/users\/1"}],"replies":[{"embeddable":true,"href":"https:\/\/mendo.ch\/fr\/wp-json\/wp\/v2\/comments?post=41140"}],"version-history":[{"count":39,"href":"https:\/\/mendo.ch\/fr\/wp-json\/wp\/v2\/pages\/41140\/revisions"}],"predecessor-version":[{"id":50028,"href":"https:\/\/mendo.ch\/fr\/wp-json\/wp\/v2\/pages\/41140\/revisions\/50028"}],"up":[{"embeddable":true,"href":"https:\/\/mendo.ch\/fr\/wp-json\/wp\/v2\/pages\/41243"}],"wp:attachment":[{"href":"https:\/\/mendo.ch\/fr\/wp-json\/wp\/v2\/media?parent=41140"}],"curies":[{"name":"wp","href":"https:\/\/api.w.org\/{rel}","templated":true}]}}