{"id":41077,"date":"2022-03-12T22:10:25","date_gmt":"2022-03-12T21:10:25","guid":{"rendered":"https:\/\/new.mendo.ch\/finanzberatung\/"},"modified":"2022-05-02T14:59:14","modified_gmt":"2022-05-02T12:59:14","slug":"conseil-financier","status":"publish","type":"page","link":"https:\/\/mendo.ch\/fr\/conseil-financier\/","title":{"rendered":"Conseil financier"},"content":{"rendered":"<div id=\"cs-content\" class=\"cs-content\"><\/div>\n","protected":false},"excerpt":{"rendered":"<p>Conseil financier Conseiller*\u00e8re en gestion de patrimoine certifi\u00e9 IAF Pour un conseil en placement comp\u00e9tent et conforme \u00e0 la LSFinPlus d&rsquo;infosDipl\u00f4me de conseiller*\u00e8re financier IAF Pour un conseil financier comp\u00e9tent &#8230; <\/p>\n<div><a href=\"https:\/\/mendo.ch\/fr\/conseil-financier\/\" class=\"more-link\">lire la suite<\/a><\/div>\n","protected":false},"author":1,"featured_media":0,"parent":0,"menu_order":0,"comment_status":"closed","ping_status":"closed","template":"template-blank-4.php","meta":{"footnotes":""},"class_list":["post-41077","page","type-page","status-publish","hentry","no-post-thumbnail"],"_links":{"self":[{"href":"https:\/\/mendo.ch\/fr\/wp-json\/wp\/v2\/pages\/41077","targetHints":{"allow":["GET"]}}],"collection":[{"href":"https:\/\/mendo.ch\/fr\/wp-json\/wp\/v2\/pages"}],"about":[{"href":"https:\/\/mendo.ch\/fr\/wp-json\/wp\/v2\/types\/page"}],"author":[{"embeddable":true,"href":"https:\/\/mendo.ch\/fr\/wp-json\/wp\/v2\/users\/1"}],"replies":[{"embeddable":true,"href":"https:\/\/mendo.ch\/fr\/wp-json\/wp\/v2\/comments?post=41077"}],"version-history":[{"count":0,"href":"https:\/\/mendo.ch\/fr\/wp-json\/wp\/v2\/pages\/41077\/revisions"}],"wp:attachment":[{"href":"https:\/\/mendo.ch\/fr\/wp-json\/wp\/v2\/media?parent=41077"}],"curies":[{"name":"wp","href":"https:\/\/api.w.org\/{rel}","templated":true}]}}