{"id":40999,"date":"2022-01-20T22:29:48","date_gmt":"2022-01-20T21:29:48","guid":{"rendered":"https:\/\/new.mendo.ch\/fidleg-kompakt\/"},"modified":"2026-03-27T15:17:46","modified_gmt":"2026-03-27T14:17:46","slug":"conseiller-en-gestion-de-patrimoine","status":"publish","type":"page","link":"https:\/\/mendo.ch\/fr\/conseil-financier\/conseiller-en-gestion-de-patrimoine\/","title":{"rendered":"Conseiller*\u00e8re en gestion de patrimoine certifi\u00e9*e IAF"},"content":{"rendered":"<div id=\"cs-content\" class=\"cs-content\"><\/div>\n","protected":false},"excerpt":{"rendered":"<p>Certificat de conseiller*\u00e8re en gestion de patrimoine IAF Pour un conseil en placement comp\u00e9tent et conforme \u00e0 la LSFinCertificat de conseiller*\u00e8re en gestion de patrimoine IAF Pour un conseil en &#8230; <\/p>\n<div><a href=\"https:\/\/mendo.ch\/fr\/conseil-financier\/conseiller-en-gestion-de-patrimoine\/\" class=\"more-link\">lire la suite<\/a><\/div>\n","protected":false},"author":1,"featured_media":0,"parent":41077,"menu_order":0,"comment_status":"closed","ping_status":"closed","template":"template-blank-4.php","meta":{"footnotes":""},"class_list":["post-40999","page","type-page","status-publish","hentry","no-post-thumbnail"],"_links":{"self":[{"href":"https:\/\/mendo.ch\/fr\/wp-json\/wp\/v2\/pages\/40999","targetHints":{"allow":["GET"]}}],"collection":[{"href":"https:\/\/mendo.ch\/fr\/wp-json\/wp\/v2\/pages"}],"about":[{"href":"https:\/\/mendo.ch\/fr\/wp-json\/wp\/v2\/types\/page"}],"author":[{"embeddable":true,"href":"https:\/\/mendo.ch\/fr\/wp-json\/wp\/v2\/users\/1"}],"replies":[{"embeddable":true,"href":"https:\/\/mendo.ch\/fr\/wp-json\/wp\/v2\/comments?post=40999"}],"version-history":[{"count":41,"href":"https:\/\/mendo.ch\/fr\/wp-json\/wp\/v2\/pages\/40999\/revisions"}],"predecessor-version":[{"id":50022,"href":"https:\/\/mendo.ch\/fr\/wp-json\/wp\/v2\/pages\/40999\/revisions\/50022"}],"up":[{"embeddable":true,"href":"https:\/\/mendo.ch\/fr\/wp-json\/wp\/v2\/pages\/41077"}],"wp:attachment":[{"href":"https:\/\/mendo.ch\/fr\/wp-json\/wp\/v2\/media?parent=40999"}],"curies":[{"name":"wp","href":"https:\/\/api.w.org\/{rel}","templated":true}]}}