{"id":40948,"date":"2017-02-16T09:13:19","date_gmt":"2017-02-16T08:13:19","guid":{"rendered":"https:\/\/new.mendo.ch\/home\/"},"modified":"2026-03-30T15:31:43","modified_gmt":"2026-03-30T13:31:43","slug":"home","status":"publish","type":"page","link":"https:\/\/mendo.ch\/fr\/","title":{"rendered":"HOME"},"content":{"rendered":"<div id=\"cs-content\" class=\"cs-content\"><\/div>\n","protected":false},"excerpt":{"rendered":"<p>Formations financi\u00e8res pour votre succ\u00e8s ! Formations financi\u00e8res pour votre succ\u00e8s ! 10ans d&rsquo;exp\u00e9rience Nous faisons partie int\u00e9grante du secteur financier : coll\u00e9gial, exigeant et proche de la pratique.50+offres de &#8230; <\/p>\n<div><a href=\"https:\/\/mendo.ch\/fr\/\" class=\"more-link\">lire la suite<\/a><\/div>\n","protected":false},"author":0,"featured_media":0,"parent":0,"menu_order":0,"comment_status":"closed","ping_status":"closed","template":"template-blank-4.php","meta":{"footnotes":""},"class_list":["post-40948","page","type-page","status-publish","hentry","no-post-thumbnail"],"_links":{"self":[{"href":"https:\/\/mendo.ch\/fr\/wp-json\/wp\/v2\/pages\/40948","targetHints":{"allow":["GET"]}}],"collection":[{"href":"https:\/\/mendo.ch\/fr\/wp-json\/wp\/v2\/pages"}],"about":[{"href":"https:\/\/mendo.ch\/fr\/wp-json\/wp\/v2\/types\/page"}],"replies":[{"embeddable":true,"href":"https:\/\/mendo.ch\/fr\/wp-json\/wp\/v2\/comments?post=40948"}],"version-history":[{"count":39,"href":"https:\/\/mendo.ch\/fr\/wp-json\/wp\/v2\/pages\/40948\/revisions"}],"predecessor-version":[{"id":50060,"href":"https:\/\/mendo.ch\/fr\/wp-json\/wp\/v2\/pages\/40948\/revisions\/50060"}],"wp:attachment":[{"href":"https:\/\/mendo.ch\/fr\/wp-json\/wp\/v2\/media?parent=40948"}],"curies":[{"name":"wp","href":"https:\/\/api.w.org\/{rel}","templated":true}]}}