{"id":40539,"date":"2022-04-01T16:23:32","date_gmt":"2022-04-01T14:23:32","guid":{"rendered":"https:\/\/new.mendo.ch\/?page_id=40539"},"modified":"2024-04-24T18:36:48","modified_gmt":"2024-04-24T16:36:48","slug":"methodes-d-apprentissage","status":"publish","type":"page","link":"https:\/\/mendo.ch\/fr\/methodes-d-apprentissage\/","title":{"rendered":"M\u00e9thodes d&rsquo;apprentissage"},"content":{"rendered":"<div id=\"cs-content\" class=\"cs-content\"><\/div>\n","protected":false},"excerpt":{"rendered":"<p>M\u00e9thodes d&rsquo;apprentissage Traditional Learning M\u00e9thode traditionnelle, cours en pr\u00e9sentiel Ces cours se d\u00e9roulent en pr\u00e9sentiel. L&rsquo;ensemble de la mati\u00e8re \u00e0 apprendre est \u00e9labor\u00e9 et entra\u00een\u00e9 en classe. Des cours online &#8230; <\/p>\n<div><a href=\"https:\/\/mendo.ch\/fr\/methodes-d-apprentissage\/\" class=\"more-link\">lire la suite<\/a><\/div>\n","protected":false},"author":1,"featured_media":0,"parent":0,"menu_order":0,"comment_status":"closed","ping_status":"closed","template":"template-blank-4.php","meta":{"footnotes":""},"class_list":["post-40539","page","type-page","status-publish","hentry","no-post-thumbnail"],"_links":{"self":[{"href":"https:\/\/mendo.ch\/fr\/wp-json\/wp\/v2\/pages\/40539","targetHints":{"allow":["GET"]}}],"collection":[{"href":"https:\/\/mendo.ch\/fr\/wp-json\/wp\/v2\/pages"}],"about":[{"href":"https:\/\/mendo.ch\/fr\/wp-json\/wp\/v2\/types\/page"}],"author":[{"embeddable":true,"href":"https:\/\/mendo.ch\/fr\/wp-json\/wp\/v2\/users\/1"}],"replies":[{"embeddable":true,"href":"https:\/\/mendo.ch\/fr\/wp-json\/wp\/v2\/comments?post=40539"}],"version-history":[{"count":2,"href":"https:\/\/mendo.ch\/fr\/wp-json\/wp\/v2\/pages\/40539\/revisions"}],"predecessor-version":[{"id":46959,"href":"https:\/\/mendo.ch\/fr\/wp-json\/wp\/v2\/pages\/40539\/revisions\/46959"}],"wp:attachment":[{"href":"https:\/\/mendo.ch\/fr\/wp-json\/wp\/v2\/media?parent=40539"}],"curies":[{"name":"wp","href":"https:\/\/api.w.org\/{rel}","templated":true}]}}