{"id":40095,"date":"2022-01-26T13:19:19","date_gmt":"2022-01-26T12:19:19","guid":{"rendered":"https:\/\/new.mendo.ch\/contact\/"},"modified":"2024-01-26T20:35:23","modified_gmt":"2024-01-26T19:35:23","slug":"contact","status":"publish","type":"page","link":"https:\/\/mendo.ch\/fr\/contact\/","title":{"rendered":"Contact"},"content":{"rendered":"<div id=\"cs-content\" class=\"cs-content\"><\/div>\n","protected":false},"excerpt":{"rendered":"<p>Contact Prenez le temps de nous contacter pour obtenir davantage d&rsquo;informations sur nos formations.Formulaire de contact EmailCe champ n\u2019est utilis\u00e9 qu\u2019\u00e0 des fins de validation et devrait rester inchang\u00e9.Civilit\u00e9(N\u00e9cessaire)MadameMonsieurPr\u00e9nom(N\u00e9cessaire)Nom(N\u00e9cessaire)E-mail(N\u00e9cessaire) Mitteilung(N\u00e9cessaire) &#8230; <\/p>\n<div><a href=\"https:\/\/mendo.ch\/fr\/contact\/\" class=\"more-link\">lire la suite<\/a><\/div>\n","protected":false},"author":1,"featured_media":0,"parent":0,"menu_order":0,"comment_status":"closed","ping_status":"closed","template":"template-blank-4.php","meta":{"footnotes":""},"class_list":["post-40095","page","type-page","status-publish","hentry","no-post-thumbnail"],"_links":{"self":[{"href":"https:\/\/mendo.ch\/fr\/wp-json\/wp\/v2\/pages\/40095","targetHints":{"allow":["GET"]}}],"collection":[{"href":"https:\/\/mendo.ch\/fr\/wp-json\/wp\/v2\/pages"}],"about":[{"href":"https:\/\/mendo.ch\/fr\/wp-json\/wp\/v2\/types\/page"}],"author":[{"embeddable":true,"href":"https:\/\/mendo.ch\/fr\/wp-json\/wp\/v2\/users\/1"}],"replies":[{"embeddable":true,"href":"https:\/\/mendo.ch\/fr\/wp-json\/wp\/v2\/comments?post=40095"}],"version-history":[{"count":2,"href":"https:\/\/mendo.ch\/fr\/wp-json\/wp\/v2\/pages\/40095\/revisions"}],"predecessor-version":[{"id":46420,"href":"https:\/\/mendo.ch\/fr\/wp-json\/wp\/v2\/pages\/40095\/revisions\/46420"}],"wp:attachment":[{"href":"https:\/\/mendo.ch\/fr\/wp-json\/wp\/v2\/media?parent=40095"}],"curies":[{"name":"wp","href":"https:\/\/api.w.org\/{rel}","templated":true}]}}